{"id":427,"date":"2017-06-01T16:22:19","date_gmt":"2017-06-01T14:22:19","guid":{"rendered":"https:\/\/cinecas.de\/?page_id=427"},"modified":"2019-07-26T16:41:50","modified_gmt":"2019-07-26T14:41:50","slug":"history","status":"publish","type":"page","link":"https:\/\/cinecas.de\/fr\/history\/","title":{"rendered":"Historique"},"content":{"rendered":"<section class=\"l-section wpb_row bildzeile height_auto width_full\"><div class=\"l-section-h i-cf\"><div class=\"g-cols vc_row via_flex valign_top type_default stacking_default\"><div class=\"vc_col-sm-12 wpb_column vc_column_container\"><div class=\"vc_column-inner\"><div class=\"wpb_wrapper\"><div class=\"w-image us_custom_aa712d55 align_center\"><div class=\"w-image-h\"><img width=\"1170\" height=\"350\" src=\"https:\/\/cinecas.de\/wp-content\/uploads\/2017\/06\/Francois_Filmografie_2017.jpg\" class=\"attachment-full size-full\" alt=\"\" decoding=\"async\" loading=\"lazy\" srcset=\"https:\/\/cinecas.de\/wp-content\/uploads\/2017\/06\/Francois_Filmografie_2017.jpg 1170w, https:\/\/cinecas.de\/wp-content\/uploads\/2017\/06\/Francois_Filmografie_2017-300x90.jpg 300w, https:\/\/cinecas.de\/wp-content\/uploads\/2017\/06\/Francois_Filmografie_2017-768x230.jpg 768w, https:\/\/cinecas.de\/wp-content\/uploads\/2017\/06\/Francois_Filmografie_2017-1024x306.jpg 1024w, https:\/\/cinecas.de\/wp-content\/uploads\/2017\/06\/Francois_Filmografie_2017-600x179.jpg 600w\" sizes=\"(max-width: 1170px) 100vw, 1170px\" \/><\/div><\/div><\/div><\/div><\/div><\/div><\/div><\/section><section class=\"l-section wpb_row us_custom_97516e4b nobottommargin height_medium\" id=\"nobottommargin\"><div class=\"l-section-h i-cf\"><div class=\"g-cols vc_row via_flex valign_top type_default stacking_default\"><div class=\"vc_col-sm-12 wpb_column vc_column_container\"><div class=\"vc_column-inner\"><div class=\"wpb_wrapper\"><div class=\"wpb_text_column\"><div class=\"wpb_wrapper\"><div id=\"content\">\n<h2>Historique<\/h2>\n<\/div>\n<\/div><\/div><\/div><\/div><\/div><\/div><\/div><\/section><section class=\"l-section wpb_row height_medium\"><div class=\"l-section-h i-cf\"><div class=\"g-cols vc_row via_flex valign_top type_default stacking_default\"><div class=\"vc_col-sm-12 wpb_column vc_column_container\"><div class=\"vc_column-inner\"><div class=\"wpb_wrapper\"><div class=\"wpb_text_column\"><div class=\"wpb_wrapper\"><div id=\"tablepress-13-scroll-wrapper\" class=\"tablepress-scroll-wrapper\">\n\n<table id=\"tablepress-13\" class=\"tablepress tablepress-id-13 tablepress-responsive\">\n<tbody>\n<tr class=\"row-1\">\n\t<td class=\"column-1\">1977 \u2013 1979<\/td><td class=\"column-2\">Technicien cascades,\u00a0cascadeur et par la suite responsable technique\u00a0dans l'\u00e9quipe de\u00a0R\u00e9my Julienne.<\/td>\n<\/tr>\n<tr class=\"row-2\">\n\t<td class=\"column-1\">1979<\/td><td class=\"column-2\">Cr\u00e9ation de l\u2019entreprise CINECAS \u00e0 Munich et Lausanne. Soci\u00e9t\u00e9 de cascades et d\u2019assistance technique pour le cin\u00e9ma. Cinecas construit plusieurs v\u00e9hicules sp\u00e9ciaux pour les \u00a0Travelling.<\/td>\n<\/tr>\n<tr class=\"row-3\">\n\t<td class=\"column-1\">1979 \u2013 1995<\/td><td class=\"column-2\">La demande est forte et Cinecas travaille dans le monde entier, de la Laponie au Chili. La soci\u00e9t\u00e9 se d\u00e9veloppe et emploie jusqu\u2019\u00e0 20 collaborateurs.<\/td>\n<\/tr>\n<tr class=\"row-4\">\n\t<td class=\"column-1\">1991 - 1996<\/td><td class=\"column-2\">Fran\u00e7ois Doge est charg\u00e9 de la r\u00e9alisation de la 2\u00e8me \u00e9quipe (Action-Unit) de la plupart des longs m\u00e9trages allemands avec une Action Unit.<\/td>\n<\/tr>\n<tr class=\"row-5\">\n\t<td class=\"column-1\">1992 \u00e0 ce jour<\/td><td class=\"column-2\">Cinecas budg\u00e8te et produit des sc\u00e8nes d\u2019action sur commande d\u2019autres productions.<\/td>\n<\/tr>\n<tr class=\"row-6\">\n\t<td class=\"column-1\">1995<\/td><td class=\"column-2\">Vente du mat\u00e9riel de cascade \u00e0 une grande entreprise de cascade berlinoise avec accord de coop\u00e9ration.<\/td>\n<\/tr>\n<tr class=\"row-7\">\n\t<td class=\"column-1\">1996 \u2013 1997<\/td><td class=\"column-2\">Production du premier film grand \u00e9cran, \u00ab Irrlichter \u00bb, avec co-producteurs internationaux, en partenariat avec FilmFernsehFonds Bayern et Eurimages (entre autres).<\/td>\n<\/tr>\n<tr class=\"row-8\">\n\t<td class=\"column-1\">2000<\/td><td class=\"column-2\">Cinecas GmbH d\u00e9m\u00e9nage de Munich \u00e0 Berlin.<\/td>\n<\/tr>\n<tr class=\"row-9\">\n\t<td class=\"column-1\">2024<\/td><td class=\"column-2\">Vente de la soci\u00e9t\u00e9 Cinecas Filmproduktion GmbH au c\u00e9l\u00e8bre Fight Choreographer Tolga Degirmen (www.fightdesign.net).<\/td>\n<\/tr>\n<\/tbody>\n<\/table>\n\n<\/div><!-- #tablepress-13 from cache -->\n<\/div><\/div><\/div><\/div><\/div><\/div><\/div><\/section>","protected":false},"excerpt":{"rendered":"","protected":false},"author":4,"featured_media":0,"parent":0,"menu_order":0,"comment_status":"closed","ping_status":"closed","template":"","meta":[],"_links":{"self":[{"href":"https:\/\/cinecas.de\/fr\/wp-json\/wp\/v2\/pages\/427"}],"collection":[{"href":"https:\/\/cinecas.de\/fr\/wp-json\/wp\/v2\/pages"}],"about":[{"href":"https:\/\/cinecas.de\/fr\/wp-json\/wp\/v2\/types\/page"}],"author":[{"embeddable":true,"href":"https:\/\/cinecas.de\/fr\/wp-json\/wp\/v2\/users\/4"}],"replies":[{"embeddable":true,"href":"https:\/\/cinecas.de\/fr\/wp-json\/wp\/v2\/comments?post=427"}],"version-history":[{"count":8,"href":"https:\/\/cinecas.de\/fr\/wp-json\/wp\/v2\/pages\/427\/revisions"}],"predecessor-version":[{"id":658,"href":"https:\/\/cinecas.de\/fr\/wp-json\/wp\/v2\/pages\/427\/revisions\/658"}],"wp:attachment":[{"href":"https:\/\/cinecas.de\/fr\/wp-json\/wp\/v2\/media?parent=427"}],"curies":[{"name":"wp","href":"https:\/\/api.w.org\/{rel}","templated":true}]}}