{"id":352,"date":"2017-06-01T10:00:41","date_gmt":"2017-06-01T08:00:41","guid":{"rendered":"https:\/\/cinecas.de\/?page_id=352"},"modified":"2019-07-26T16:41:52","modified_gmt":"2019-07-26T14:41:52","slug":"francois-doge","status":"publish","type":"page","link":"https:\/\/cinecas.de\/fr\/francois-doge\/","title":{"rendered":"Fran\u00e7ois Doge"},"content":{"rendered":"<section class=\"l-section wpb_row bildzeile height_auto width_full\"><div class=\"l-section-h i-cf\"><div class=\"g-cols vc_row via_flex valign_top type_default stacking_default\"><div class=\"vc_col-sm-12 wpb_column vc_column_container\"><div class=\"vc_column-inner\"><div class=\"wpb_wrapper\"><div class=\"w-image us_custom_da19e5bb align_center\"><div class=\"w-image-h\"><img width=\"1170\" height=\"350\" src=\"https:\/\/cinecas.de\/wp-content\/uploads\/2017\/06\/Francois_Dodge_2017.jpg\" class=\"attachment-full size-full\" alt=\"\" decoding=\"async\" loading=\"lazy\" srcset=\"https:\/\/cinecas.de\/wp-content\/uploads\/2017\/06\/Francois_Dodge_2017.jpg 1170w, https:\/\/cinecas.de\/wp-content\/uploads\/2017\/06\/Francois_Dodge_2017-300x90.jpg 300w, https:\/\/cinecas.de\/wp-content\/uploads\/2017\/06\/Francois_Dodge_2017-768x230.jpg 768w, https:\/\/cinecas.de\/wp-content\/uploads\/2017\/06\/Francois_Dodge_2017-1024x306.jpg 1024w, https:\/\/cinecas.de\/wp-content\/uploads\/2017\/06\/Francois_Dodge_2017-600x179.jpg 600w\" sizes=\"(max-width: 1170px) 100vw, 1170px\" \/><\/div><\/div><\/div><\/div><\/div><\/div><\/div><\/section><section class=\"l-section wpb_row us_custom_c275199c height_medium\"><div class=\"l-section-h i-cf\"><div class=\"g-cols vc_row via_flex valign_top type_default stacking_default\" style=\"--additional-gap:5px;\"><div class=\"vc_col-sm-4 wpb_column vc_column_container francois\"><div class=\"vc_column-inner\"><div class=\"wpb_wrapper\"><div class=\"wpb_text_column\"><div class=\"wpb_wrapper\"><h3>Fran\u00e7ois Doge<\/h3>\n<p><img decoding=\"async\" loading=\"lazy\" class=\"alignnone wp-image-599 size-medium\" src=\"https:\/\/cinecas.de\/wp-content\/uploads\/2017\/06\/Francois0246-Kopie-223x300.jpg\" alt=\"\" width=\"223\" height=\"300\" srcset=\"https:\/\/cinecas.de\/wp-content\/uploads\/2017\/06\/Francois0246-Kopie-223x300.jpg 223w, https:\/\/cinecas.de\/wp-content\/uploads\/2017\/06\/Francois0246-Kopie-768x1034.jpg 768w, https:\/\/cinecas.de\/wp-content\/uploads\/2017\/06\/Francois0246-Kopie-760x1024.jpg 760w, https:\/\/cinecas.de\/wp-content\/uploads\/2017\/06\/Francois0246-Kopie-600x808.jpg 600w\" sizes=\"(max-width: 223px) 100vw, 223px\" \/><\/p>\n<\/div><\/div><\/div><\/div><\/div><div class=\"vc_col-sm-8 wpb_column vc_column_container\"><div class=\"vc_column-inner\"><div class=\"wpb_wrapper\"><div class=\"wpb_text_column\"><div class=\"wpb_wrapper\"><p style=\"text-align: left;\">Je r\u00e9ponds \u00e0 toutes vos questions touchant au domaine de l&rsquo;action.<\/p>\n<p style=\"text-align: left;\">Je vous offre mes conseils pour la conception, le storyboard, les devis et le r\u00e9glage des cascades, la r\u00e9alisation de la 2\u00e8me \u00e9quipe (Action-Unit) jusqu&rsquo;au montage.<\/p>\n<h4 style=\"text-align: left;\">Action et dramaturgie<\/h4>\n<p style=\"text-align: left;\">Une cascade r\u00e9ussie est une cascade dont la motivation est dramaturgique.<\/p>\n<h4 style=\"text-align: left;\">German Stunt Association<\/h4>\n<p style=\"text-align: left;\">Fran\u00e7ois Doge est Pr\u00e9sident Fondateur de la <a href=\"http:\/\/www.german-stunt-association.de\">German Stunt Association<\/a>.<\/p>\n<p style=\"text-align: left;\"><a href=\"http:\/\/www.german-stunt-association.de\/\"><img decoding=\"async\" loading=\"lazy\" class=\"size-full wp-image-354 alignleft\" src=\"https:\/\/cinecas.de\/wp-content\/uploads\/2017\/06\/logo_german_stunt_association.png\" alt=\"\" width=\"200\" height=\"71\" \/><\/a><\/p>\n<\/div><\/div><\/div><\/div><\/div><\/div><\/div><\/section>","protected":false},"excerpt":{"rendered":"","protected":false},"author":4,"featured_media":0,"parent":0,"menu_order":0,"comment_status":"closed","ping_status":"closed","template":"","meta":[],"_links":{"self":[{"href":"https:\/\/cinecas.de\/fr\/wp-json\/wp\/v2\/pages\/352"}],"collection":[{"href":"https:\/\/cinecas.de\/fr\/wp-json\/wp\/v2\/pages"}],"about":[{"href":"https:\/\/cinecas.de\/fr\/wp-json\/wp\/v2\/types\/page"}],"author":[{"embeddable":true,"href":"https:\/\/cinecas.de\/fr\/wp-json\/wp\/v2\/users\/4"}],"replies":[{"embeddable":true,"href":"https:\/\/cinecas.de\/fr\/wp-json\/wp\/v2\/comments?post=352"}],"version-history":[{"count":10,"href":"https:\/\/cinecas.de\/fr\/wp-json\/wp\/v2\/pages\/352\/revisions"}],"predecessor-version":[{"id":667,"href":"https:\/\/cinecas.de\/fr\/wp-json\/wp\/v2\/pages\/352\/revisions\/667"}],"wp:attachment":[{"href":"https:\/\/cinecas.de\/fr\/wp-json\/wp\/v2\/media?parent=352"}],"curies":[{"name":"wp","href":"https:\/\/api.w.org\/{rel}","templated":true}]}}