{"id":308,"date":"2017-05-31T19:49:52","date_gmt":"2017-05-31T17:49:52","guid":{"rendered":"https:\/\/cinecas.de\/?page_id=308"},"modified":"2023-01-11T14:52:40","modified_gmt":"2023-01-11T13:52:40","slug":"home","status":"publish","type":"page","link":"https:\/\/cinecas.de\/fr\/","title":{"rendered":"Home"},"content":{"rendered":"<section class=\"l-section wpb_row bildzeile height_auto width_full\"><div class=\"l-section-h i-cf\"><div class=\"g-cols vc_row via_flex valign_top type_default stacking_default\"><div class=\"vc_col-sm-12 wpb_column vc_column_container\"><div class=\"vc_column-inner\"><div class=\"wpb_wrapper\">\n\t\t\t<!-- START francois REVOLUTION SLIDER 6.6.8 --><p class=\"rs-p-wp-fix\"><\/p>\n\t\t\t<rs-module-wrap id=\"rev_slider_1_3_wrapper\" data-source=\"gallery\" style=\"visibility:hidden;background:transparent;padding:;margin:0px auto;margin-top:0;margin-bottom:0;\">\n\t\t\t\t<rs-module id=\"rev_slider_1_3\" style=\"\" data-version=\"6.6.8\">\n\t\t\t\t\t<rs-slides style=\"overflow: hidden; position: absolute;\">\n\t\t\t\t\t\t<rs-slide style=\"position: absolute;\" data-key=\"rs-1\" data-title=\"Slide\" data-anim=\"adpr:false;\">\n\t\t\t\t\t\t\t<img src=\"\/\/cinecas.de\/wp-content\/plugins\/revslider\/public\/assets\/assets\/dummy.png\" alt=\"\" title=\"Home\" class=\"rev-slidebg tp-rs-img rs-lazyload\" data-lazyload=\"\/\/cinecas.de\/wp-content\/uploads\/2017\/05\/cinecas_home_2017.jpg\" data-bg=\"f:contain;\" data-parallax=\"15\" data-no-retina>\n<!--\n\t\t\t\t\t\t\t--><rs-layer\n\t\t\t\t\t\t\t\tid=\"slider-1-slide-1-layer-5\" \n\t\t\t\t\t\t\t\tdata-type=\"text\"\n\t\t\t\t\t\t\t\tdata-rsp_ch=\"on\"\n\t\t\t\t\t\t\t\tdata-xy=\"xo:530px,461px,343px,223px;yo:236px,199px,145px,87px;\"\n\t\t\t\t\t\t\t\tdata-text=\"s:55,50,35,20;l:48,40,35,24;fw:500;a:inherit;\"\n\t\t\t\t\t\t\t\tdata-dim=\"w:auto,339px,339px,auto;\"\n\t\t\t\t\t\t\t\tdata-frame_0=\"x:-175%;o:1;tp:600;\"\n\t\t\t\t\t\t\t\tdata-frame_0_mask=\"u:t;x:100%;\"\n\t\t\t\t\t\t\t\tdata-frame_1=\"tp:600;e:power3.out;st:510;sp:520;sR:510;\"\n\t\t\t\t\t\t\t\tdata-frame_1_mask=\"u:t;\"\n\t\t\t\t\t\t\t\tdata-frame_999=\"o:0;tp:600;st:w;sR:7970.0006103516;\"\n\t\t\t\t\t\t\t\tstyle=\"z-index:5;font-family:'Arial', 'Helvetica', 'sans-serif';\"\n\t\t\t\t\t\t\t>Action is a passion \n\t\t\t\t\t\t\t<\/rs-layer><!--\n\n\t\t\t\t\t\t\t--><rs-layer\n\t\t\t\t\t\t\t\tid=\"slider-1-slide-1-layer-6\" \n\t\t\t\t\t\t\t\tclass=\"italic\"\n\t\t\t\t\t\t\t\tdata-type=\"text\"\n\t\t\t\t\t\t\t\tdata-rsp_ch=\"on\"\n\t\t\t\t\t\t\t\tdata-xy=\"xo:724px,649px,428px,268px;yo:294px,243px,182px,110px;\"\n\t\t\t\t\t\t\t\tdata-text=\"s:36,30,28,16;l:30,40,30,20;fw:500;a:inherit;\"\n\t\t\t\t\t\t\t\tdata-frame_0=\"x:-175%;o:1;tp:600;\"\n\t\t\t\t\t\t\t\tdata-frame_0_mask=\"u:t;x:100%;\"\n\t\t\t\t\t\t\t\tdata-frame_1=\"tp:600;e:power3.out;st:860;sp:600;sR:860;\"\n\t\t\t\t\t\t\t\tdata-frame_1_mask=\"u:t;\"\n\t\t\t\t\t\t\t\tdata-frame_999=\"o:0;tp:600;st:w;sR:7540.0006103516;\"\n\t\t\t\t\t\t\t\tstyle=\"z-index:6;font-family:'Arial', 'Helvetica', 'sans-serif';\"\n\t\t\t\t\t\t\t>La passion de l'action \n\t\t\t\t\t\t\t<\/rs-layer><!--\n-->\t\t\t\t\t\t<\/rs-slide>\n\t\t\t\t\t<\/rs-slides>\n\t\t\t\t<\/rs-module>\n\t\t\t\t<script>\n\t\t\t\t\tsetREVStartSize({c: 'rev_slider_1_3',rl:[1240,1024,778,480],el:[],gw:[1170,1024,778,480],gh:[350,307,233,144],type:'standard',justify:'',layout:'fullwidth',mh:\"0\"});if (window.RS_MODULES!==undefined && window.RS_MODULES.modules!==undefined && window.RS_MODULES.modules[\"revslider13\"]!==undefined) {window.RS_MODULES.modules[\"revslider13\"].once = false;window.revapi1_3 = undefined;if (window.RS_MODULES.checkMinimal!==undefined) window.RS_MODULES.checkMinimal()}\n\t\t\t\t<\/script>\n\t\t\t<\/rs-module-wrap>\n\t\t\t<!-- END REVOLUTION SLIDER -->\n<\/div><\/div><\/div><\/div><\/div><\/section><section class=\"l-section wpb_row us_custom_cfdd488e height_medium\"><div class=\"l-section-h i-cf\"><div class=\"g-cols vc_row via_flex valign_top type_default stacking_default\"><div class=\"vc_col-sm-12 wpb_column vc_column_container\"><div class=\"vc_column-inner\"><div class=\"wpb_wrapper\"><div class=\"wpb_text_column\"><div class=\"wpb_wrapper\"><div id=\"content\">\n<h2>Bienvenue<\/h2>\n<h4>L&rsquo;illusion de l&rsquo;action<\/h4>\n<p>Les cascades ne doivent pas \u00eatre dangereuses. Elles doivent seulement le para\u00eetre, \u00e0 l&rsquo;\u00e9cran.<\/p>\n<h4>Action et cr\u00e9ativit\u00e9<\/h4>\n<p>Une bonne id\u00e9e peut rapporter gros. Comme pour l&rsquo;\u00e9criture d&rsquo;un sc\u00e9nario, le travail d&rsquo;Action commence \u00e9galement par une id\u00e9e.<br \/>\nLe projet de base co\u00efncide-t-il \u00e0 100% avec les caract\u00e8res des personnages, le plan de travail et le budget ?<\/p>\n<h4>Action et exp\u00e9rience<\/h4>\n<p>Gr\u00e2ce \u00e0 <a href=\"https:\/\/cinecas.de\/fr\/?filmographie\">notre exp\u00e9rience<\/a> hors du commun, nous choisissons une solution technique ad\u00e9quate et efficace.<br \/>\nPour faciliter vos d\u00e9cisions, nous proposons de tourner un test-layout.<\/p>\n<h4>Action et budget<\/h4>\n<p>Votre budget ne suffit pas pour les actions souhait\u00e9es? Nous <a href=\"https:\/\/cinecas.de\/fr\/?production\">\u00e9tudions<\/a> les diff\u00e9rentes alternatives et cherchons ensemble une solution.<\/p>\n<\/div>\n<\/div><\/div><\/div><\/div><\/div><\/div><\/div><\/section><section class=\"l-section wpb_row height_auto width_full\"><div class=\"l-section-h i-cf\"><div class=\"g-cols vc_row via_flex valign_top type_default stacking_default\"><div class=\"vc_col-sm-12 wpb_column vc_column_container\"><div class=\"vc_column-inner\"><div class=\"wpb_wrapper\"><\/div><\/div><\/div><\/div><\/div><\/section>","protected":false},"excerpt":{"rendered":"","protected":false},"author":4,"featured_media":0,"parent":0,"menu_order":0,"comment_status":"closed","ping_status":"closed","template":"","meta":[],"_links":{"self":[{"href":"https:\/\/cinecas.de\/fr\/wp-json\/wp\/v2\/pages\/308"}],"collection":[{"href":"https:\/\/cinecas.de\/fr\/wp-json\/wp\/v2\/pages"}],"about":[{"href":"https:\/\/cinecas.de\/fr\/wp-json\/wp\/v2\/types\/page"}],"author":[{"embeddable":true,"href":"https:\/\/cinecas.de\/fr\/wp-json\/wp\/v2\/users\/4"}],"replies":[{"embeddable":true,"href":"https:\/\/cinecas.de\/fr\/wp-json\/wp\/v2\/comments?post=308"}],"version-history":[{"count":10,"href":"https:\/\/cinecas.de\/fr\/wp-json\/wp\/v2\/pages\/308\/revisions"}],"predecessor-version":[{"id":681,"href":"https:\/\/cinecas.de\/fr\/wp-json\/wp\/v2\/pages\/308\/revisions\/681"}],"wp:attachment":[{"href":"https:\/\/cinecas.de\/fr\/wp-json\/wp\/v2\/media?parent=308"}],"curies":[{"name":"wp","href":"https:\/\/api.w.org\/{rel}","templated":true}]}}