{"id":427,"date":"2017-06-01T16:22:19","date_gmt":"2017-06-01T14:22:19","guid":{"rendered":"https:\/\/cinecas.de\/?page_id=427"},"modified":"2019-07-26T16:41:50","modified_gmt":"2019-07-26T14:41:50","slug":"history","status":"publish","type":"page","link":"https:\/\/cinecas.de\/de\/history\/","title":{"rendered":"History"},"content":{"rendered":"<section class=\"l-section wpb_row bildzeile height_auto width_full\"><div class=\"l-section-h i-cf\"><div class=\"g-cols vc_row via_flex valign_top type_default stacking_default\"><div class=\"vc_col-sm-12 wpb_column vc_column_container\"><div class=\"vc_column-inner\"><div class=\"wpb_wrapper\"><div class=\"w-image us_custom_958797a5 align_center\"><div class=\"w-image-h\"><img width=\"1170\" height=\"350\" src=\"https:\/\/cinecas.de\/wp-content\/uploads\/2017\/06\/Francois_Filmografie_2017.jpg\" class=\"attachment-full size-full\" alt=\"\" decoding=\"async\" loading=\"lazy\" srcset=\"https:\/\/cinecas.de\/wp-content\/uploads\/2017\/06\/Francois_Filmografie_2017.jpg 1170w, https:\/\/cinecas.de\/wp-content\/uploads\/2017\/06\/Francois_Filmografie_2017-300x90.jpg 300w, https:\/\/cinecas.de\/wp-content\/uploads\/2017\/06\/Francois_Filmografie_2017-768x230.jpg 768w, https:\/\/cinecas.de\/wp-content\/uploads\/2017\/06\/Francois_Filmografie_2017-1024x306.jpg 1024w, https:\/\/cinecas.de\/wp-content\/uploads\/2017\/06\/Francois_Filmografie_2017-600x179.jpg 600w\" sizes=\"(max-width: 1170px) 100vw, 1170px\" \/><\/div><\/div><\/div><\/div><\/div><\/div><\/div><\/section><section class=\"l-section wpb_row us_custom_92052294 nobottommargin height_medium\"><div class=\"l-section-h i-cf\"><div class=\"g-cols vc_row via_flex valign_top type_default stacking_default\"><div class=\"vc_col-sm-12 wpb_column vc_column_container\"><div class=\"vc_column-inner\"><div class=\"wpb_wrapper\"><div class=\"wpb_text_column\"><div class=\"wpb_wrapper\"><div id=\"content\">\n<h2>History<\/h2>\n<\/div>\n<\/div><\/div><\/div><\/div><\/div><\/div><\/div><\/section><section class=\"l-section wpb_row height_medium\"><div class=\"l-section-h i-cf\"><div class=\"g-cols vc_row via_flex valign_top type_default stacking_default\"><div class=\"vc_col-sm-12 wpb_column vc_column_container\"><div class=\"vc_column-inner\"><div class=\"wpb_wrapper\"><div class=\"wpb_text_column\"><div class=\"wpb_wrapper\"><div id=\"tablepress-11-scroll-wrapper\" class=\"tablepress-scroll-wrapper\">\n\n<table id=\"tablepress-11\" class=\"tablepress tablepress-id-11 tablepress-responsive\">\n<tbody>\n<tr class=\"row-1\">\n\t<td class=\"column-1\">1977 \u2013 1979<\/td><td class=\"column-2\">Stuntman und verantwortlicher Stunttechniker in Paris bei R\u00e9my Julienne (renommierster Stunt-Coordinator und damalige gr\u00f6sste Stuntfirma Europas).<\/td>\n<\/tr>\n<tr class=\"row-2\">\n\t<td class=\"column-1\">1979<\/td><td class=\"column-2\">Gr\u00fcndung der Firma CINECAS in M\u00fcnchen und Lausanne. Gesellschaft f\u00fcr Stunts und technische Betreuung f\u00fcr Films. Cinecas baut mehrere Spezialfahrzeuge f\u00fcr Travelling.<\/td>\n<\/tr>\n<tr class=\"row-3\">\n\t<td class=\"column-1\">1979 \u2013 1995<\/td><td class=\"column-2\">Die Nachfrage ist sehr gross und Cinecas arbeitet in den ganzen Welt von Lappland bis Chile. Die Gesellschaft expandiert und besch\u00e4ftigt bis 20 Mitarbeiter.<\/td>\n<\/tr>\n<tr class=\"row-4\">\n\t<td class=\"column-1\">1991 bis 1996<\/td><td class=\"column-2\">Fran\u00e7ois Doge \u00fcbernimmt die Regie der 2nd Unit (Action-Unit) f\u00fcr fast alle<br \/>\ndeutschen Kinoproduktionen mit einer 2nd Unit.<\/td>\n<\/tr>\n<tr class=\"row-5\">\n\t<td class=\"column-1\">1992 bis heute<\/td><td class=\"column-2\">Cinecas kalkuliert, produziert Action-Szenen im Auftrag andere Filmproduktion.<\/td>\n<\/tr>\n<tr class=\"row-6\">\n\t<td class=\"column-1\">1995<\/td><td class=\"column-2\">Verkauf des Stunt-Equipment inkl. Koorperationsvereinbarung mit der neuen Firma.<\/td>\n<\/tr>\n<tr class=\"row-7\">\n\t<td class=\"column-1\">1996 \u2013 1997<\/td><td class=\"column-2\">Produktion der ersten Kinofilm \"Irrlichter\" mit internationalen Koproduzenten und mit Hilfe u.a. FilmFernsehFonds Bayern und Eurimages.<\/td>\n<\/tr>\n<tr class=\"row-8\">\n\t<td class=\"column-1\">2000<\/td><td class=\"column-2\">Umzug der Cinecas GmbH von M\u00fcnchen nach Berlin.<\/td>\n<\/tr>\n<tr class=\"row-9\">\n\t<td class=\"column-1\">2024<\/td><td class=\"column-2\">Verkauf der Cinecas GmbH an den renommierten Fight Choreographer<br \/>\nTolga Degirmen (www.fightdesign.net).<\/td>\n<\/tr>\n<\/tbody>\n<\/table>\n\n<\/div><!-- #tablepress-11 from cache -->\n<\/div><\/div><\/div><\/div><\/div><\/div><\/div><\/section>","protected":false},"excerpt":{"rendered":"","protected":false},"author":4,"featured_media":0,"parent":0,"menu_order":0,"comment_status":"closed","ping_status":"closed","template":"","meta":[],"_links":{"self":[{"href":"https:\/\/cinecas.de\/de\/wp-json\/wp\/v2\/pages\/427"}],"collection":[{"href":"https:\/\/cinecas.de\/de\/wp-json\/wp\/v2\/pages"}],"about":[{"href":"https:\/\/cinecas.de\/de\/wp-json\/wp\/v2\/types\/page"}],"author":[{"embeddable":true,"href":"https:\/\/cinecas.de\/de\/wp-json\/wp\/v2\/users\/4"}],"replies":[{"embeddable":true,"href":"https:\/\/cinecas.de\/de\/wp-json\/wp\/v2\/comments?post=427"}],"version-history":[{"count":8,"href":"https:\/\/cinecas.de\/de\/wp-json\/wp\/v2\/pages\/427\/revisions"}],"predecessor-version":[{"id":658,"href":"https:\/\/cinecas.de\/de\/wp-json\/wp\/v2\/pages\/427\/revisions\/658"}],"wp:attachment":[{"href":"https:\/\/cinecas.de\/de\/wp-json\/wp\/v2\/media?parent=427"}],"curies":[{"name":"wp","href":"https:\/\/api.w.org\/{rel}","templated":true}]}}